{"id":44242,"date":"2020-02-06T08:17:05","date_gmt":"2020-02-06T08:17:05","guid":{"rendered":"https:\/\/litho.themezaa.com\/?page_id=3"},"modified":"2022-12-28T10:33:17","modified_gmt":"2022-12-28T10:33:17","slug":"politica-de-privacidade","status":"publish","type":"page","link":"https:\/\/consifex.com\/pt\/politica-de-privacidade\/","title":{"rendered":"Pol\u00edtica de Privacidade"},"content":{"rendered":"<div data-elementor-type=\"wp-page\" data-elementor-id=\"44242\" class=\"elementor elementor-44242\">\n\t\t\t\t\t\t<section class=\"elementor-section elementor-top-section elementor-element elementor-element-79f1db6 elementor-section-boxed elementor-section-height-default elementor-section-height-default\" data-id=\"79f1db6\" data-element_type=\"section\" data-e-type=\"section\">\n\t\t\t\t\t\t<div class=\"elementor-container elementor-column-gap-default\">\n\t\t\t\t\t<div class=\"elementor-column elementor-col-100 elementor-top-column elementor-element elementor-element-c725e4e\" data-fullscreen-column-settings=\"{&quot;fullscreen&quot;:&quot;&quot;}\" data-id=\"c725e4e\" data-element_type=\"column\" data-e-type=\"column\">\n\t\t\t<div class=\"elementor-widget-wrap elementor-element-populated\">\n\t\t\t\t\t\t<div class=\"elementor-element elementor-element-7fd2b7b elementor-widget elementor-widget-text-editor\" data-id=\"7fd2b7b\" data-element_type=\"widget\" data-e-type=\"widget\" data-widget_type=\"text-editor.default\">\n\t\t\t\t<div class=\"elementor-widget-container\">\n\t\t\t\t\t\t\t\t\t<p>A sua privacidade \u00e9 importante para n\u00f3s. \u00c9 pol\u00edtica da <a href=\"https:\/\/consifex.com\/pt\/\">A Consifex<\/a> respeitar a sua privacidade em rela\u00e7\u00e3o a qualquer informa\u00e7\u00e3o sua que possamos recolher no site <a href=\"https:\/\/consifex.com\/pt\/\">A Consifex<\/a>, e outros sites que possu\u00edmos e operamos.<\/p><p>Solicitamos informa\u00e7\u00f5es pessoais apenas quando realmente precisamos delas para lhe fornecer um servi\u00e7o. Fazemo-lo por meios justos e legais, com o seu conhecimento e consentimento. Tamb\u00e9m informamos o porqu\u00ea de as recolher e como ser\u00e1 utilizada.<\/p><p>Apenas retemos as informa\u00e7\u00f5es recolhidas pelo tempo necess\u00e1rio para fornecer o servi\u00e7o solicitado. Quando armazenamos dados, protegemos dentro de meios comercialmente aceit\u00e1veis para evitar perdas e roubos, bem como acesso, divulga\u00e7\u00e3o, c\u00f3pia, uso ou modifica\u00e7\u00f5es n\u00e3o autorizadas.<\/p><p>N\u00e3o compartilhamos informa\u00e7\u00f5es de identifica\u00e7\u00e3o pessoal publicamente ou com terceiros, exceto quando exigido por lei.<\/p><p>O nosso site pode ter links para sites externos que n\u00e3o s\u00e3o operados por n\u00f3s. Esteja ciente de que n\u00e3o temos controle sobre o conte\u00fado e pr\u00e1ticas desses sites e n\u00e3o podemos aceitar responsabilidade por suas respectivas\u00a0pol\u00edticas de privacidade.<\/p><p>Voc\u00ea \u00e9 livre para recusar a nossa solicita\u00e7\u00e3o de informa\u00e7\u00f5es pessoais, entendendo que talvez n\u00e3o possamos fornecer alguns dos servi\u00e7os desejados.<\/p><p>O uso continuado de nosso site ser\u00e1 considerado como aceita\u00e7\u00e3o de nossas pr\u00e1ticas em torno de\u00a0Aviso de Privacidade\u00a0e informa\u00e7\u00f5es pessoais. Se tiver alguma d\u00favida sobre como lidamos com dados do usu\u00e1rio e informa\u00e7\u00f5es pessoais, entre em contacto connosco.<\/p><h3>Pol\u00edtica de Cookies Consifex<\/h3><h4>\u00a0<\/h4><h4>O que s\u00e3o cookies?<\/h4><p>Como \u00e9 pr\u00e1tica comum em quase todos os sites profissionais, este site usa cookies, que s\u00e3o pequenos arquivos baixados no seu computador, para melhorar sua experi\u00eancia. Esta p\u00e1gina descreve quais informa\u00e7\u00f5es que s\u00e3o recolhidas, como as usamos e por que \u00e0s vezes precisamos armazenar esses cookies. Tamb\u00e9m informamos como pode impedir que esses cookies sejam armazenados, no entanto, isso pode fazer o downgrade ou \u2018quebrar\u2019 certos elementos da funcionalidade do site.<\/p><h4>Como usamos os cookies?<\/h4><p>Utilizamos cookies por v\u00e1rios motivos, detalhados abaixo. Infelizmente, na maioria dos casos, n\u00e3o existem op\u00e7\u00f5es padr\u00e3o do setor para desativar os cookies sem desativar completamente a funcionalidade e os recursos que eles adicionam a este site. \u00c9 recomend\u00e1vel que voc\u00ea deixe todos os cookies se n\u00e3o tiver certeza se precisa ou n\u00e3o deles, caso sejam usados para fornecer um servi\u00e7o que voc\u00ea usa.<\/p><h4>Desativar cookies<\/h4><p>Voc\u00ea pode impedir a configura\u00e7\u00e3o de cookies ajustando as configura\u00e7\u00f5es do seu navegador (consulte a Ajuda do navegador para saber como se faz). Esteja ciente de que a desativa\u00e7\u00e3o de cookies afetar\u00e1 a funcionalidade deste e de muitos outros sites que voc\u00ea visita. A desativa\u00e7\u00e3o de cookies geralmente resultar\u00e1 na desativa\u00e7\u00e3o de determinadas funcionalidades e recursos deste site. Portanto, \u00e9 recomend\u00e1vel que voc\u00ea n\u00e3o desative os cookies.<\/p><h4>Cookies que definimos<\/h4><ul><li>Cookies relacionados \u00e0 conta. Se criar uma conta connosco, usaremos os cookies para o gerenciamento do processo de inscri\u00e7\u00e3o e administra\u00e7\u00e3o geral. Esses cookies geralmente ser\u00e3o exclu\u00eddos quando voc\u00ea sai do sistema, por\u00e9m, em alguns casos, eles poder\u00e3o permanecer posteriormente para lembrar as prefer\u00eancias do seu site ao sair.<\/li><li>Cookies relacionados ao login. Utilizamos cookies quando voc\u00ea est\u00e1 logado, para que possa lembrar dessa a\u00e7\u00e3o. Isso evita que precise fazer login sempre que visitar uma nova p\u00e1gina. Esses cookies s\u00e3o normalmente removidos ou limpos quando efetua logout para garantir que possa aceder apenas a recursos e \u00e1reas restritas ao efetuar login.<\/li><li>Cookies relacionados a newsletters por e-mail. Este site oferece servi\u00e7os de assinatura de newsletters ou e-mail e os cookies podem ser usados para lembrar se j\u00e1 est\u00e1 registrado e se deve mostrar determinadas notifica\u00e7\u00f5es v\u00e1lidas apenas para usu\u00e1rios inscritos \/ n\u00e3o inscritos.<\/li><li>Cookies relacionados a pesquisas. Periodicamente, oferecemos pesquisas e question\u00e1rios para fornecer informa\u00e7\u00f5es interessantes, ferramentas \u00fateis ou para entender nossa base de utilizadores com mais precis\u00e3o. Essas pesquisas podem usar cookies para lembrar quem j\u00e1 participou numa pesquisa ou para fornecer resultados precisos ap\u00f3s a altera\u00e7\u00e3o das p\u00e1ginas.<\/li><li>Cookies relacionados a formul\u00e1rios. Quando voc\u00ea envia dados atrav\u00e9s de um formul\u00e1rio como os encontrados nas p\u00e1ginas de contacto ou nos formul\u00e1rios de coment\u00e1rios, os cookies podem ser configurados para lembrar os detalhes do utilizador para correspond\u00eancia futura.<\/li><li>Cookies de prefer\u00eancias do site. Para proporcionar uma \u00f3tima experi\u00eancia neste site, fornecemos a funcionalidade para definir suas prefer\u00eancias de como este site \u00e9 executado quando o utiliza. Para lembrar suas prefer\u00eancias, precisamos definir cookies para que essas informa\u00e7\u00f5es possam ser chamadas sempre que interagir com uma p\u00e1gina for afetada pelas suas prefer\u00eancias.<\/li><\/ul><h4>Cookies de Terceiros<\/h4><p>Em alguns casos especiais, tamb\u00e9m usamos cookies fornecidos por terceiros confi\u00e1veis. A se\u00e7\u00e3o a seguir detalha quais cookies de terceiros voc\u00ea pode encontrar atrav\u00e9s deste site.<\/p><ul><li>Este site usa o Google Analytics, que \u00e9 uma das solu\u00e7\u00f5es de an\u00e1lise mais difundidas e confi\u00e1veis da Web, para nos ajudar a entender como voc\u00ea utiliza o nosso site e como podemos melhorar a sua experi\u00eancia. Esses cookies podem monitorizar itens como quantidade de\u00a0 tempo que visitou o site e as suas p\u00e1ginas, para que possamos continuar a produzir conte\u00fado do seu agrado.<\/li><\/ul><p>Para mais informa\u00e7\u00f5es sobre cookies do Google Analytics, consulte a p\u00e1gina oficial do Google Analytics.<\/p><ul><li>As an\u00e1lises de terceiros s\u00e3o usadas para rastrear e medir a utiliza\u00e7\u00e3o deste site, para que possamos continuar produzindo conte\u00fado atrativo. Esses cookies podem rastrear itens como o tempo que voc\u00ea passa no site ou as p\u00e1ginas visitadas, o que nos ajuda a entender como podemos melhorar o site.<\/li><li>Periodicamente, testamos novos recursos e fazemos altera\u00e7\u00f5es subtis na maneira como o site se apresenta. Quando ainda estamos testando novos recursos, esses cookies podem ser usados para garantir que voc\u00ea recebe uma experi\u00eancia consistente enquanto est\u00e1 no site, enquanto entendemos quais otimiza\u00e7\u00f5es que os nossos utilizadores mais apreciam.<\/li><\/ul><h4>Compromisso do Utilizador<\/h4><p>O utilizador compromete-se a fazer uso adequado dos conte\u00fados e da informa\u00e7\u00e3o que a Consifex oferece no site e com car\u00e1ter enunciativo, mas n\u00e3o limitativo:<\/p><ul><li>A) N\u00e3o se envolver em atividades que sejam ilegais ou contr\u00e1rias \u00e0 boa f\u00e9 a \u00e0 ordem p\u00fablica;<\/li><li>B) N\u00e3o difundir propaganda ou conte\u00fado de natureza racista, xenof\u00f3bica, sorte\u00a0ou azar, qualquer tipo de pornografia ilegal, de apologia ao terrorismo ou contra os direitos humanos;<\/li><li>C) N\u00e3o causar danos aos sistemas f\u00edsicos (hardwares) e l\u00f3gicos (softwares) da Consifex, de seus fornecedores ou terceiros, para introduzir ou disseminar v\u00edrus inform\u00e1ticos ou quaisquer outros sistemas de hardware ou software que sejam capazes de causar danos anteriormente mencionados.<\/li><\/ul><h4>Mais informa\u00e7\u00f5es<\/h4><p>Esperemos que esteja esclarecido e, como mencionado anteriormente, se houver algo que voc\u00ea n\u00e3o tem certeza se precisa ou n\u00e3o, geralmente \u00e9 mais seguro deixar os cookies ativos, caso interaja com um dos recursos que utiliza no nosso site.<\/p><p>Esta pol\u00edtica \u00e9 efetiva a partir de\u00a0<strong>Julho<\/strong>\/<strong>2022<\/strong>.<\/p>\t\t\t\t\t\t\t\t<\/div>\n\t\t\t\t<\/div>\n\t\t\t\t\t<\/div>\n\t\t<\/div>\n\t\t\t\t\t<\/div>\n\t\t<\/section>\n\t\t\t\t<\/div>","protected":false},"excerpt":{"rendered":"<p>A sua privacidade \u00e9 importante para n\u00f3s. \u00c9 pol\u00edtica da Consifex respeitar a sua privacidade em rela\u00e7\u00e3o a qualquer informa\u00e7\u00e3o sua que possamos recolher no site Consifex, e outros sites que possu\u00edmos e operamos. Solicitamos informa\u00e7\u00f5es pessoais apenas quando realmente precisamos delas para lhe fornecer um servi\u00e7o. Fazemo-lo por meios justos e legais, com o [&hellip;]<\/p>","protected":false},"author":1,"featured_media":0,"parent":0,"menu_order":202,"comment_status":"closed","ping_status":"closed","template":"","meta":{"footnotes":""},"class_list":["post-44242","page","type-page","status-publish","hentry"],"yoast_head":"<!-- This site is optimized with the Yoast SEO plugin v27.0 - https:\/\/yoast.com\/product\/yoast-seo-wordpress\/ -->\n<title>Pol\u00edtica de Privacidade - Consifex<\/title>\n<meta name=\"robots\" content=\"index, follow, max-snippet:-1, max-image-preview:large, max-video-preview:-1\" \/>\n<link rel=\"canonical\" href=\"https:\/\/consifex.com\/pt\/politica-de-privacidade\/\" \/>\n<meta property=\"og:locale\" content=\"pt_PT\" \/>\n<meta property=\"og:type\" content=\"article\" \/>\n<meta property=\"og:title\" content=\"Pol\u00edtica de Privacidade - Consifex\" \/>\n<meta property=\"og:description\" content=\"A sua privacidade \u00e9 importante para n\u00f3s. \u00c9 pol\u00edtica da Consifex respeitar a sua privacidade em rela\u00e7\u00e3o a qualquer informa\u00e7\u00e3o sua que possamos recolher no site Consifex, e outros sites que possu\u00edmos e operamos. Solicitamos informa\u00e7\u00f5es pessoais apenas quando realmente precisamos delas para lhe fornecer um servi\u00e7o. Fazemo-lo por meios justos e legais, com o [&hellip;]\" \/>\n<meta property=\"og:url\" content=\"https:\/\/consifex.com\/pt\/politica-de-privacidade\/\" \/>\n<meta property=\"og:site_name\" content=\"Consifex\" \/>\n<meta property=\"article:modified_time\" content=\"2022-12-28T10:33:17+00:00\" \/>\n<meta name=\"twitter:card\" content=\"summary_large_image\" \/>\n<meta name=\"twitter:label1\" content=\"Tempo estimado de leitura\" \/>\n\t<meta name=\"twitter:data1\" content=\"6 minutos\" \/>\n<script type=\"application\/ld+json\" class=\"yoast-schema-graph\">{\"@context\":\"https:\/\/schema.org\",\"@graph\":[{\"@type\":\"WebPage\",\"@id\":\"https:\/\/consifex.com\/pt\/politica-de-privacidade\/\",\"url\":\"https:\/\/consifex.com\/pt\/politica-de-privacidade\/\",\"name\":\"Pol\u00edtica de Privacidade - Consifex\",\"isPartOf\":{\"@id\":\"https:\/\/consifex.com\/#website\"},\"datePublished\":\"2020-02-06T08:17:05+00:00\",\"dateModified\":\"2022-12-28T10:33:17+00:00\",\"breadcrumb\":{\"@id\":\"https:\/\/consifex.com\/pt\/politica-de-privacidade\/#breadcrumb\"},\"inLanguage\":\"pt-PT\",\"potentialAction\":[{\"@type\":\"ReadAction\",\"target\":[\"https:\/\/consifex.com\/pt\/politica-de-privacidade\/\"]}]},{\"@type\":\"BreadcrumbList\",\"@id\":\"https:\/\/consifex.com\/pt\/politica-de-privacidade\/#breadcrumb\",\"itemListElement\":[{\"@type\":\"ListItem\",\"position\":1,\"name\":\"In\u00edcio\",\"item\":\"https:\/\/consifex.com\/\"},{\"@type\":\"ListItem\",\"position\":2,\"name\":\"Pol\u00edtica de Privacidade\"}]},{\"@type\":\"WebSite\",\"@id\":\"https:\/\/consifex.com\/#website\",\"url\":\"https:\/\/consifex.com\/\",\"name\":\"Consifex\",\"description\":\"Premium Clothing Manufacturers in Portugal Since 1989\",\"alternateName\":\"Consifex\",\"potentialAction\":[{\"@type\":\"SearchAction\",\"target\":{\"@type\":\"EntryPoint\",\"urlTemplate\":\"https:\/\/consifex.com\/?s={search_term_string}\"},\"query-input\":{\"@type\":\"PropertyValueSpecification\",\"valueRequired\":true,\"valueName\":\"search_term_string\"}}],\"inLanguage\":\"pt-PT\"}]}<\/script>\n<!-- \/ Yoast SEO plugin. -->","yoast_head_json":{"title":"Pol\u00edtica de Privacidade - Consifex","robots":{"index":"index","follow":"follow","max-snippet":"max-snippet:-1","max-image-preview":"max-image-preview:large","max-video-preview":"max-video-preview:-1"},"canonical":"https:\/\/consifex.com\/pt\/politica-de-privacidade\/","og_locale":"pt_PT","og_type":"article","og_title":"Pol\u00edtica de Privacidade - Consifex","og_description":"A sua privacidade \u00e9 importante para n\u00f3s. \u00c9 pol\u00edtica da Consifex respeitar a sua privacidade em rela\u00e7\u00e3o a qualquer informa\u00e7\u00e3o sua que possamos recolher no site Consifex, e outros sites que possu\u00edmos e operamos. Solicitamos informa\u00e7\u00f5es pessoais apenas quando realmente precisamos delas para lhe fornecer um servi\u00e7o. Fazemo-lo por meios justos e legais, com o [&hellip;]","og_url":"https:\/\/consifex.com\/pt\/politica-de-privacidade\/","og_site_name":"Consifex","article_modified_time":"2022-12-28T10:33:17+00:00","twitter_card":"summary_large_image","twitter_misc":{"Tempo estimado de leitura":"6 minutos"},"schema":{"@context":"https:\/\/schema.org","@graph":[{"@type":"WebPage","@id":"https:\/\/consifex.com\/pt\/politica-de-privacidade\/","url":"https:\/\/consifex.com\/pt\/politica-de-privacidade\/","name":"Pol\u00edtica de Privacidade - Consifex","isPartOf":{"@id":"https:\/\/consifex.com\/#website"},"datePublished":"2020-02-06T08:17:05+00:00","dateModified":"2022-12-28T10:33:17+00:00","breadcrumb":{"@id":"https:\/\/consifex.com\/pt\/politica-de-privacidade\/#breadcrumb"},"inLanguage":"pt-PT","potentialAction":[{"@type":"ReadAction","target":["https:\/\/consifex.com\/pt\/politica-de-privacidade\/"]}]},{"@type":"BreadcrumbList","@id":"https:\/\/consifex.com\/pt\/politica-de-privacidade\/#breadcrumb","itemListElement":[{"@type":"ListItem","position":1,"name":"In\u00edcio","item":"https:\/\/consifex.com\/"},{"@type":"ListItem","position":2,"name":"Pol\u00edtica de Privacidade"}]},{"@type":"WebSite","@id":"https:\/\/consifex.com\/#website","url":"https:\/\/consifex.com\/","name":"Consifex","description":"Premium Clothing Manufacturers in Portugal Since 1989","alternateName":"Consifex","potentialAction":[{"@type":"SearchAction","target":{"@type":"EntryPoint","urlTemplate":"https:\/\/consifex.com\/?s={search_term_string}"},"query-input":{"@type":"PropertyValueSpecification","valueRequired":true,"valueName":"search_term_string"}}],"inLanguage":"pt-PT"}]}},"_links":{"self":[{"href":"https:\/\/consifex.com\/pt\/wp-json\/wp\/v2\/pages\/44242","targetHints":{"allow":["GET"]}}],"collection":[{"href":"https:\/\/consifex.com\/pt\/wp-json\/wp\/v2\/pages"}],"about":[{"href":"https:\/\/consifex.com\/pt\/wp-json\/wp\/v2\/types\/page"}],"author":[{"embeddable":true,"href":"https:\/\/consifex.com\/pt\/wp-json\/wp\/v2\/users\/1"}],"replies":[{"embeddable":true,"href":"https:\/\/consifex.com\/pt\/wp-json\/wp\/v2\/comments?post=44242"}],"version-history":[{"count":16,"href":"https:\/\/consifex.com\/pt\/wp-json\/wp\/v2\/pages\/44242\/revisions"}],"predecessor-version":[{"id":79585,"href":"https:\/\/consifex.com\/pt\/wp-json\/wp\/v2\/pages\/44242\/revisions\/79585"}],"wp:attachment":[{"href":"https:\/\/consifex.com\/pt\/wp-json\/wp\/v2\/media?parent=44242"}],"curies":[{"name":"wp","href":"https:\/\/api.w.org\/{rel}","templated":true}]}}