{"id":75822,"date":"2022-11-07T18:07:03","date_gmt":"2022-11-07T18:07:03","guid":{"rendered":"https:\/\/consifex.com\/?page_id=75822"},"modified":"2023-05-31T09:54:45","modified_gmt":"2023-05-31T09:54:45","slug":"a-nossa-historia","status":"publish","type":"page","link":"https:\/\/consifex.com\/pt\/a-nossa-historia\/","title":{"rendered":"A nossa Historia"},"content":{"rendered":"<div data-elementor-type=\"wp-page\" data-elementor-id=\"75822\" class=\"elementor elementor-75822\">\n\t\t\t\t\t\t<section class=\"elementor-section elementor-top-section elementor-element elementor-element-f26e0ba elementor-section-boxed elementor-section-height-default elementor-section-height-default\" data-id=\"f26e0ba\" data-element_type=\"section\" data-e-type=\"section\" data-settings=\"{&quot;background_background&quot;:&quot;classic&quot;}\">\n\t\t\t\t\t\t\t<div class=\"elementor-background-overlay\"><\/div>\n\t\t\t\t\t\t\t<div class=\"elementor-container elementor-column-gap-default\">\n\t\t\t\t\t<div class=\"elementor-column elementor-col-100 elementor-top-column elementor-element elementor-element-6f3ebda\" data-fullscreen-column-settings=\"{&quot;fullscreen&quot;:&quot;&quot;}\" data-id=\"6f3ebda\" data-element_type=\"column\" data-e-type=\"column\" data-settings=\"{&quot;background_background&quot;:&quot;classic&quot;}\">\n\t\t\t<div class=\"elementor-widget-wrap\">\n\t\t\t\t\t\t\t<\/div>\n\t\t<\/div>\n\t\t\t\t\t<\/div>\n\t\t<\/section>\n\t\t\t\t<section class=\"elementor-section elementor-top-section elementor-element elementor-element-f72112b elementor-section-height-min-height elementor-section-boxed elementor-section-height-default elementor-section-items-middle\" data-id=\"f72112b\" data-element_type=\"section\" data-e-type=\"section\" data-settings=\"{&quot;background_background&quot;:&quot;classic&quot;}\">\n\t\t\t\t\t\t\t<div class=\"elementor-background-overlay\"><\/div>\n\t\t\t\t\t\t\t<div class=\"elementor-container elementor-column-gap-default\">\n\t\t\t\t\t<div class=\"elementor-column elementor-col-100 elementor-top-column elementor-element elementor-element-069dbbb\" data-fullscreen-column-settings=\"{&quot;fullscreen&quot;:&quot;&quot;}\" data-id=\"069dbbb\" data-element_type=\"column\" data-e-type=\"column\">\n\t\t\t<div class=\"elementor-widget-wrap elementor-element-populated\">\n\t\t\t\t\t\t<div class=\"elementor-element elementor-element-7d96f9a elementor-widget elementor-widget-heading\" data-id=\"7d96f9a\" data-element_type=\"widget\" data-e-type=\"widget\" data-widget_type=\"heading.default\">\n\t\t\t\t<div class=\"elementor-widget-container\">\n\t\t\t\t\t<h1 class=\"elementor-heading-title elementor-size-default\">Hist\u00f3ria<\/h1>\t\t\t\t<\/div>\n\t\t\t\t<\/div>\n\t\t\t\t\t<\/div>\n\t\t<\/div>\n\t\t\t\t\t<\/div>\n\t\t<\/section>\n\t\t\t\t<section class=\"elementor-section elementor-top-section elementor-element elementor-element-a40c2f1 elementor-section-content-middle elementor-reverse-tablet elementor-reverse-mobile elementor-section-boxed elementor-section-height-default elementor-section-height-default elementor-invisible\" data-id=\"a40c2f1\" data-element_type=\"section\" data-e-type=\"section\" data-settings=\"{&quot;background_background&quot;:&quot;classic&quot;,&quot;animation&quot;:&quot;fadeIn&quot;}\">\n\t\t\t\t\t\t<div class=\"elementor-container elementor-column-gap-default\">\n\t\t\t\t\t<div class=\"elementor-column elementor-col-50 elementor-top-column elementor-element elementor-element-4b74200 elementor-invisible\" data-fullscreen-column-settings=\"{&quot;fullscreen&quot;:&quot;&quot;}\" data-id=\"4b74200\" data-element_type=\"column\" data-e-type=\"column\" data-settings=\"{&quot;animation&quot;:&quot;fadeInRight&quot;,&quot;animation_delay&quot;:400}\">\n\t\t\t<div class=\"elementor-widget-wrap elementor-element-populated\">\n\t\t\t\t\t\t<div class=\"elementor-element elementor-element-53c9468 elementor-widget-tablet__width-initial animated-slow elementor-invisible elementor-widget elementor-widget-image\" data-id=\"53c9468\" data-element_type=\"widget\" data-e-type=\"widget\" data-settings=\"{&quot;_animation&quot;:&quot;fadeInLeft&quot;}\" data-widget_type=\"image.default\">\n\t\t\t\t<div class=\"elementor-widget-container\">\n\t\t\t\t\t\t\t\t\t\t\t\t\t\t\t<img fetchpriority=\"high\" decoding=\"async\" width=\"600\" height=\"765\" src=\"https:\/\/consifex.com\/wp-content\/uploads\/2022\/11\/consifex-historia.png\" class=\"attachment-full size-full wp-image-78688\" alt=\"\" srcset=\"https:\/\/consifex.com\/wp-content\/uploads\/2022\/11\/consifex-historia.png 600w, https:\/\/consifex.com\/wp-content\/uploads\/2022\/11\/consifex-historia-235x300.png 235w, https:\/\/consifex.com\/wp-content\/uploads\/2022\/11\/consifex-historia-200x255.png 200w\" sizes=\"(max-width: 600px) 100vw, 600px\" \/>\t\t\t\t\t\t\t\t\t\t\t\t\t\t\t<\/div>\n\t\t\t\t<\/div>\n\t\t\t\t\t<\/div>\n\t\t<\/div>\n\t\t\t\t<div class=\"elementor-column elementor-col-50 elementor-top-column elementor-element elementor-element-5fc3bfd elementor-invisible\" data-fullscreen-column-settings=\"{&quot;fullscreen&quot;:&quot;&quot;}\" data-id=\"5fc3bfd\" data-element_type=\"column\" data-e-type=\"column\" data-settings=\"{&quot;animation&quot;:&quot;fadeIn&quot;,&quot;animation_delay&quot;:200}\">\n\t\t\t<div class=\"elementor-widget-wrap elementor-element-populated\">\n\t\t\t\t\t\t<div class=\"elementor-element elementor-element-1de416d elementor-widget__width-auto animated-slow elementor-invisible elementor-widget elementor-widget-text-editor\" data-id=\"1de416d\" data-element_type=\"widget\" data-e-type=\"widget\" data-settings=\"{&quot;_animation&quot;:&quot;fadeInRight&quot;}\" data-widget_type=\"text-editor.default\">\n\t\t\t\t<div class=\"elementor-widget-container\">\n\t\t\t\t\t\t\t\t\t\"Constitu\u00edda a 12 de junho de 1989, como sociedade por quotas, a Consifex, desde a sua fase embrion\u00e1ria, deparou-se com um crescimento exponencial devido \u00e0 sua grande preocupa\u00e7\u00e3o para com a qualidade do servi\u00e7o e produto prestado.\n\n As Cadeias de Valor do Produto e Humana, a Vis\u00e3o, a Miss\u00e3o, os Valores e o Controlo de Qualidade presentes em todas as etapas do processo de fornecimento e realiza\u00e7\u00e3o do produto, assumiram desde sempre na Consifex um papel de relevo no seu ADN. Contudo, este mesmo ADN, est\u00e1 em constante muta\u00e7\u00e3o, n\u00e3o somente pela Determina\u00e7\u00e3o em querer fazer sempre mais e melhor na busca constante das melhores solu\u00e7\u00f5es para os seus clientes e marcas, mas tamb\u00e9m pela enorme Persist\u00eancia e Uni\u00e3o da Equipa no Querer Vencer sob o lema <strong>\u201dNunca desistas sem antes tentares!\u201d.<\/strong>\t\t\t\t\t\t\t\t<\/div>\n\t\t\t\t<\/div>\n\t\t\t\t\t<\/div>\n\t\t<\/div>\n\t\t\t\t\t<\/div>\n\t\t<\/section>\n\t\t\t\t<section class=\"elementor-section elementor-top-section elementor-element elementor-element-3cb005c animated-slow elementor-section-boxed elementor-section-height-default elementor-section-height-default elementor-invisible\" data-id=\"3cb005c\" data-element_type=\"section\" data-e-type=\"section\" data-settings=\"{&quot;background_background&quot;:&quot;classic&quot;,&quot;animation&quot;:&quot;fadeInUp&quot;}\">\n\t\t\t\t\t\t<div class=\"elementor-container elementor-column-gap-default\">\n\t\t\t\t\t<div class=\"elementor-column elementor-col-33 elementor-top-column elementor-element elementor-element-8ffe800\" data-fullscreen-column-settings=\"{&quot;fullscreen&quot;:&quot;&quot;}\" data-id=\"8ffe800\" data-element_type=\"column\" data-e-type=\"column\">\n\t\t\t<div class=\"elementor-widget-wrap elementor-element-populated\">\n\t\t\t\t\t\t<div class=\"elementor-element elementor-element-a825c9b elementor-widget elementor-widget-text-editor\" data-id=\"a825c9b\" data-element_type=\"widget\" data-e-type=\"widget\" data-widget_type=\"text-editor.default\">\n\t\t\t\t<div class=\"elementor-widget-container\">\n\t\t\t\t\t\t\t\t\t<p>A tomada consciente de um conjunto de decis\u00f5es estrat\u00e9gicas de desenvolvimento e expans\u00e3o com a aquisi\u00e7\u00e3o de novas instala\u00e7\u00f5es em 1997 aliado ao crescimento sustentado e \u00e0s realidades, desafios e evolu\u00e7\u00e3o dos mercados nacionais e internacionais, permitiram que, em 2011, a Consifex, incrementa-se de forma substancial a sua competitividade, cimentando a sua posi\u00e7\u00e3o cimeira dentro do sector t\u00eaxtil em termos quantitativos.<\/p><p>At\u00e9 ent\u00e3o, a Empresa, com uma personalidade marcadamente familiar, sempre se destacou pela Uni\u00e3o e confian\u00e7a entre os seus pares. A empresa liderada pelo seu mentor, Domingos Silva e pela esposa Concei\u00e7\u00e3o Sim\u00f5es, viu essa Uni\u00e3o consolidar-se com a entrada das filhas Ad\u00edlia Silva e Carla Silva em posi\u00e7\u00f5es de lideran\u00e7a.<\/p><p>Concei\u00e7\u00e3o Sim\u00f5es, com a sua vasta experi\u00eancia no sector t\u00eaxtil, assumiu a responsabilidade da produ\u00e7\u00e3o da empresa, garantindo que todos os processos fossem realizados com qualidade e efici\u00eancia, sempre com o objectivo de oferecer o melhor ao mercado.<\/p><p>Ad\u00edlia Silva, a filha mais velha, trouxe a sua\u202fexpertise\u202fem vendas para a empresa e, com isso, assumiu a chefia do Departamento Comercial. A sua Lideran\u00e7a marcada pela compet\u00eancia e capacidade de negocia\u00e7\u00e3o, catapultou a Consifex para novos neg\u00f3cios e oportunidades. Por sua vez, Carla Silva, assumiu a lideran\u00e7a do Departamento de Malhas da empresa. A sua compet\u00eancia t\u00e9cnica e know-how (engenheira de forma\u00e7\u00e3o), garantia \u00e0 Consifex a excel\u00eancia da qualidade dos produtos fabricados.<\/p><p>Com a vis\u00e3o, o talento, a dedica\u00e7\u00e3o e compet\u00eancia, a\u202fConsifex, conseguia assim expandir os seus neg\u00f3cios e manter-se cada vez mais competitiva, tornando a\u202fConsifex\u202fum exemplo de sucesso e supera\u00e7\u00e3o.<\/p>\t\t\t\t\t\t\t\t<\/div>\n\t\t\t\t<\/div>\n\t\t\t\t\t<\/div>\n\t\t<\/div>\n\t\t\t\t<div class=\"elementor-column elementor-col-33 elementor-top-column elementor-element elementor-element-c1dbf85\" data-fullscreen-column-settings=\"{&quot;fullscreen&quot;:&quot;&quot;}\" data-id=\"c1dbf85\" data-element_type=\"column\" data-e-type=\"column\">\n\t\t\t<div class=\"elementor-widget-wrap\">\n\t\t\t\t\t\t\t<\/div>\n\t\t<\/div>\n\t\t\t\t<div class=\"elementor-column elementor-col-33 elementor-top-column elementor-element elementor-element-508f12d\" data-fullscreen-column-settings=\"{&quot;fullscreen&quot;:&quot;&quot;}\" data-id=\"508f12d\" data-element_type=\"column\" data-e-type=\"column\">\n\t\t\t<div class=\"elementor-widget-wrap elementor-element-populated\">\n\t\t\t\t\t\t<div class=\"elementor-element elementor-element-5ec3f55 elementor-widget elementor-widget-text-editor\" data-id=\"5ec3f55\" data-element_type=\"widget\" data-e-type=\"widget\" data-widget_type=\"text-editor.default\">\n\t\t\t\t<div class=\"elementor-widget-container\">\n\t\t\t\t\t\t\t\t\t<p>A cria\u00e7\u00e3o de um Atelier de Design &amp; Desenvolvimento, a aquisi\u00e7\u00e3o de equipamentos com tecnologia de ponta e t\u00e9cnicas de produ\u00e7\u00e3o e a ado\u00e7\u00e3o de um plano de desenvolvimento do Capital Humano com forte aposta na Qualifica\u00e7\u00e3o e desenvolvimento de compet\u00eancias, tem permitido um crescimento qualitativo.<\/p><p>Desde 2013, a Consifex tem sido galardoada e reconhecida pelo seu m\u00e9rito por v\u00e1rias institui\u00e7\u00f5es p\u00fablicas e privadas pelo seu desempenho, compet\u00eancia, colabora\u00e7\u00e3o e parceria. Deles se destacam, o pr\u00e9mio PME L\u00edder (de 2013 em diante), e o pr\u00e9mio PME Excel\u00eancia (atribu\u00eddo pela primeira vez em 2016) como reconhecimento da sua enorme contribui\u00e7\u00e3o para o crescimento da economia de Portugal.<\/p>\n<p>O ano de 2014, dita o \u201cafastamento\u201d de Domingos Silva, o Fundador da\nConsifex. Neste mesmo ano, Ad\u00edlia Silva, torna-se na Mulher do Leme da\nOrganiza\u00e7\u00e3o, assumindo o cargo de Directora Geral Executiva. Actualmente\na Consifex, para al\u00e9m da sua CEO, conta com uma Direc\u00e7\u00e3o composta por\nmais 3 colaboradores, 9 l\u00edderes Departamentais, 1 Gestor de Tratamento e\nrecolha de informa\u00e7\u00e3o.<\/p><p>Em conjunto com a restante equipa, conduzem\ndiariamente a Organiza\u00e7\u00e3o rumo \u00e0 excel\u00eancia na Confec\u00e7\u00e3o,\ncomercializa\u00e7\u00e3o, concep\u00e7\u00e3o e desenvolvimento de vestu\u00e1rio t\u00eaxtil e\nacess\u00f3rios para Homens, Mulheres e Crian\u00e7as em private label.<\/p>\t\t\t\t\t\t\t\t<\/div>\n\t\t\t\t<\/div>\n\t\t\t\t\t<\/div>\n\t\t<\/div>\n\t\t\t\t\t<\/div>\n\t\t<\/section>\n\t\t\t\t<section class=\"elementor-section elementor-top-section elementor-element elementor-element-941f3ac elementor-section-content-middle elementor-reverse-tablet elementor-reverse-mobile elementor-section-boxed elementor-section-height-default elementor-section-height-default elementor-invisible\" data-id=\"941f3ac\" data-element_type=\"section\" data-e-type=\"section\" data-settings=\"{&quot;background_background&quot;:&quot;classic&quot;,&quot;animation&quot;:&quot;fadeIn&quot;}\">\n\t\t\t\t\t\t<div class=\"elementor-container elementor-column-gap-default\">\n\t\t\t\t\t<div class=\"elementor-column elementor-col-50 elementor-top-column elementor-element elementor-element-1fd9bbd elementor-invisible\" data-fullscreen-column-settings=\"{&quot;fullscreen&quot;:&quot;&quot;}\" data-id=\"1fd9bbd\" data-element_type=\"column\" data-e-type=\"column\" data-settings=\"{&quot;animation&quot;:&quot;fadeInRight&quot;,&quot;animation_delay&quot;:400}\">\n\t\t\t<div class=\"elementor-widget-wrap elementor-element-populated\">\n\t\t\t\t\t\t<div class=\"elementor-element elementor-element-87cea2a animated-slow elementor-invisible elementor-widget elementor-widget-image\" data-id=\"87cea2a\" data-element_type=\"widget\" data-e-type=\"widget\" data-settings=\"{&quot;_animation&quot;:&quot;fadeInLeft&quot;}\" data-widget_type=\"image.default\">\n\t\t\t\t<div class=\"elementor-widget-container\">\n\t\t\t\t\t\t\t\t\t\t\t\t\t\t\t<img decoding=\"async\" width=\"600\" height=\"765\" src=\"https:\/\/consifex.com\/wp-content\/uploads\/2022\/11\/consifex-historia-2.png\" class=\"attachment-1536x1536 size-1536x1536 wp-image-78689\" alt=\"\" srcset=\"https:\/\/consifex.com\/wp-content\/uploads\/2022\/11\/consifex-historia-2.png 600w, https:\/\/consifex.com\/wp-content\/uploads\/2022\/11\/consifex-historia-2-235x300.png 235w, https:\/\/consifex.com\/wp-content\/uploads\/2022\/11\/consifex-historia-2-200x255.png 200w\" sizes=\"(max-width: 600px) 100vw, 600px\" \/>\t\t\t\t\t\t\t\t\t\t\t\t\t\t\t<\/div>\n\t\t\t\t<\/div>\n\t\t\t\t\t<\/div>\n\t\t<\/div>\n\t\t\t\t<div class=\"elementor-column elementor-col-50 elementor-top-column elementor-element elementor-element-3f87a31 elementor-invisible\" data-fullscreen-column-settings=\"{&quot;fullscreen&quot;:&quot;&quot;}\" data-id=\"3f87a31\" data-element_type=\"column\" data-e-type=\"column\" data-settings=\"{&quot;animation&quot;:&quot;fadeIn&quot;,&quot;animation_delay&quot;:200}\">\n\t\t\t<div class=\"elementor-widget-wrap elementor-element-populated\">\n\t\t\t\t\t\t<div class=\"elementor-element elementor-element-ce6958c elementor-widget__width-auto animated-slow elementor-invisible elementor-widget elementor-widget-text-editor\" data-id=\"ce6958c\" data-element_type=\"widget\" data-e-type=\"widget\" data-settings=\"{&quot;_animation&quot;:&quot;fadeInRight&quot;}\" data-widget_type=\"text-editor.default\">\n\t\t\t\t<div class=\"elementor-widget-container\">\n\t\t\t\t\t\t\t\t\tO reconhecimento em 2017, por uma  terceira parte independente no standard internacional ISO 9001:2015 para a Certifica\u00e7\u00e3o do Sistema de Gest\u00e3o da Qualidade e a Certifica\u00e7\u00e3o no Organic Content Standard (2019), conjugado com a materializa\u00e7\u00e3o de projetos de desenvolvimento estrat\u00e9gicos dos quais se destacam a cria\u00e7\u00e3o de um Product Distribution Center e um Atelier de Design &amp; Desenvolvimento (2020), s\u00e3o o garante do desempenho competitivo da Consifex, o que lhe tem permitido expandir o neg\u00f3cio de forma sustentada, respons\u00e1vel e comprometida com a excel\u00eancia e com os seus Clientes. Os anos de 2021 e 2022 foram anos de excel\u00eancia em termos de investimentos em equipamentos, melhoria das condi\u00e7\u00f5es de trabalho e inova\u00e7\u00e3o. A Consifex, tem o maior orgulho em ser considerada uma Organiza\u00e7\u00e3o Challenger de mercado! Uma empresa runner-up que compete agressivamente pelo pre\u00e7o, qualidade, produto\/servi\u00e7o prestado acrescentando valor ao cliente e \u00e0s suas marcas.\t\t\t\t\t\t\t\t<\/div>\n\t\t\t\t<\/div>\n\t\t\t\t\t<\/div>\n\t\t<\/div>\n\t\t\t\t\t<\/div>\n\t\t<\/section>\n\t\t\t\t<\/div>","protected":false},"excerpt":{"rendered":"<p>Our Story Constituted on June 12, 1989, as a limited company, Consifex, since its embryonic phase, faced exponential growth due to its great concern with the quality of the service and product provided. The Product and Human Value Chains, the Vision, the Mission, the Values and Quality Control present in all stages of the process [&hellip;]<\/p>","protected":false},"author":1,"featured_media":0,"parent":0,"menu_order":255,"comment_status":"closed","ping_status":"closed","template":"","meta":{"footnotes":""},"class_list":["post-75822","page","type-page","status-publish","hentry"],"yoast_head":"<!-- This site is optimized with the Yoast SEO plugin v27.0 - https:\/\/yoast.com\/product\/yoast-seo-wordpress\/ -->\n<title>Consifex - Our Story<\/title>\n<meta name=\"description\" content=\"Born on June 12, 1989. Consifex is proud to be considered a Challenger Organization in the market! \u201dNever give up without trying first!\u201d\" \/>\n<meta name=\"robots\" content=\"index, follow, max-snippet:-1, max-image-preview:large, max-video-preview:-1\" \/>\n<link rel=\"canonical\" href=\"https:\/\/consifex.com\/pt\/a-nossa-historia\/\" \/>\n<meta property=\"og:locale\" content=\"pt_PT\" \/>\n<meta property=\"og:type\" content=\"article\" \/>\n<meta property=\"og:title\" content=\"Consifex - Our Story\" \/>\n<meta property=\"og:description\" content=\"Born on June 12, 1989. Consifex is proud to be considered a Challenger Organization in the market! \u201dNever give up without trying first!\u201d\" \/>\n<meta property=\"og:url\" content=\"https:\/\/consifex.com\/pt\/a-nossa-historia\/\" \/>\n<meta property=\"og:site_name\" content=\"Consifex\" \/>\n<meta property=\"article:modified_time\" content=\"2023-05-31T09:54:45+00:00\" \/>\n<meta property=\"og:image\" content=\"https:\/\/consifex.com\/wp-content\/uploads\/2022\/11\/consifex-historia.png\" \/>\n<meta name=\"twitter:card\" content=\"summary_large_image\" \/>\n<meta name=\"twitter:label1\" content=\"Tempo estimado de leitura\" \/>\n\t<meta name=\"twitter:data1\" content=\"4 minutos\" \/>\n<script type=\"application\/ld+json\" class=\"yoast-schema-graph\">{\"@context\":\"https:\/\/schema.org\",\"@graph\":[{\"@type\":\"WebPage\",\"@id\":\"https:\/\/consifex.com\/a-nossa-historia\/\",\"url\":\"https:\/\/consifex.com\/a-nossa-historia\/\",\"name\":\"Consifex - Our Story\",\"isPartOf\":{\"@id\":\"https:\/\/consifex.com\/#website\"},\"primaryImageOfPage\":{\"@id\":\"https:\/\/consifex.com\/a-nossa-historia\/#primaryimage\"},\"image\":{\"@id\":\"https:\/\/consifex.com\/a-nossa-historia\/#primaryimage\"},\"thumbnailUrl\":\"https:\/\/consifex.com\/wp-content\/uploads\/2022\/11\/consifex-historia.png\",\"datePublished\":\"2022-11-07T18:07:03+00:00\",\"dateModified\":\"2023-05-31T09:54:45+00:00\",\"description\":\"Born on June 12, 1989. Consifex is proud to be considered a Challenger Organization in the market! \u201dNever give up without trying first!\u201d\",\"breadcrumb\":{\"@id\":\"https:\/\/consifex.com\/a-nossa-historia\/#breadcrumb\"},\"inLanguage\":\"pt-PT\",\"potentialAction\":[{\"@type\":\"ReadAction\",\"target\":[\"https:\/\/consifex.com\/a-nossa-historia\/\"]}]},{\"@type\":\"ImageObject\",\"inLanguage\":\"pt-PT\",\"@id\":\"https:\/\/consifex.com\/a-nossa-historia\/#primaryimage\",\"url\":\"https:\/\/consifex.com\/wp-content\/uploads\/2022\/11\/consifex-historia.png\",\"contentUrl\":\"https:\/\/consifex.com\/wp-content\/uploads\/2022\/11\/consifex-historia.png\"},{\"@type\":\"BreadcrumbList\",\"@id\":\"https:\/\/consifex.com\/a-nossa-historia\/#breadcrumb\",\"itemListElement\":[{\"@type\":\"ListItem\",\"position\":1,\"name\":\"In\u00edcio\",\"item\":\"https:\/\/consifex.com\/\"},{\"@type\":\"ListItem\",\"position\":2,\"name\":\"A nossa Historia\"}]},{\"@type\":\"WebSite\",\"@id\":\"https:\/\/consifex.com\/#website\",\"url\":\"https:\/\/consifex.com\/\",\"name\":\"Consifex\",\"description\":\"Premium Clothing Manufacturers in Portugal Since 1989\",\"alternateName\":\"Consifex\",\"potentialAction\":[{\"@type\":\"SearchAction\",\"target\":{\"@type\":\"EntryPoint\",\"urlTemplate\":\"https:\/\/consifex.com\/?s={search_term_string}\"},\"query-input\":{\"@type\":\"PropertyValueSpecification\",\"valueRequired\":true,\"valueName\":\"search_term_string\"}}],\"inLanguage\":\"pt-PT\"}]}<\/script>\n<!-- \/ Yoast SEO plugin. -->","yoast_head_json":{"title":"Consifex - Our Story","description":"Born on June 12, 1989. Consifex is proud to be considered a Challenger Organization in the market! \u201dNever give up without trying first!\u201d","robots":{"index":"index","follow":"follow","max-snippet":"max-snippet:-1","max-image-preview":"max-image-preview:large","max-video-preview":"max-video-preview:-1"},"canonical":"https:\/\/consifex.com\/pt\/a-nossa-historia\/","og_locale":"pt_PT","og_type":"article","og_title":"Consifex - Our Story","og_description":"Born on June 12, 1989. Consifex is proud to be considered a Challenger Organization in the market! \u201dNever give up without trying first!\u201d","og_url":"https:\/\/consifex.com\/pt\/a-nossa-historia\/","og_site_name":"Consifex","article_modified_time":"2023-05-31T09:54:45+00:00","og_image":[{"url":"https:\/\/consifex.com\/wp-content\/uploads\/2022\/11\/consifex-historia.png","type":"","width":"","height":""}],"twitter_card":"summary_large_image","twitter_misc":{"Tempo estimado de leitura":"4 minutos"},"schema":{"@context":"https:\/\/schema.org","@graph":[{"@type":"WebPage","@id":"https:\/\/consifex.com\/a-nossa-historia\/","url":"https:\/\/consifex.com\/a-nossa-historia\/","name":"Consifex - Our Story","isPartOf":{"@id":"https:\/\/consifex.com\/#website"},"primaryImageOfPage":{"@id":"https:\/\/consifex.com\/a-nossa-historia\/#primaryimage"},"image":{"@id":"https:\/\/consifex.com\/a-nossa-historia\/#primaryimage"},"thumbnailUrl":"https:\/\/consifex.com\/wp-content\/uploads\/2022\/11\/consifex-historia.png","datePublished":"2022-11-07T18:07:03+00:00","dateModified":"2023-05-31T09:54:45+00:00","description":"Born on June 12, 1989. Consifex is proud to be considered a Challenger Organization in the market! \u201dNever give up without trying first!\u201d","breadcrumb":{"@id":"https:\/\/consifex.com\/a-nossa-historia\/#breadcrumb"},"inLanguage":"pt-PT","potentialAction":[{"@type":"ReadAction","target":["https:\/\/consifex.com\/a-nossa-historia\/"]}]},{"@type":"ImageObject","inLanguage":"pt-PT","@id":"https:\/\/consifex.com\/a-nossa-historia\/#primaryimage","url":"https:\/\/consifex.com\/wp-content\/uploads\/2022\/11\/consifex-historia.png","contentUrl":"https:\/\/consifex.com\/wp-content\/uploads\/2022\/11\/consifex-historia.png"},{"@type":"BreadcrumbList","@id":"https:\/\/consifex.com\/a-nossa-historia\/#breadcrumb","itemListElement":[{"@type":"ListItem","position":1,"name":"In\u00edcio","item":"https:\/\/consifex.com\/"},{"@type":"ListItem","position":2,"name":"A nossa Historia"}]},{"@type":"WebSite","@id":"https:\/\/consifex.com\/#website","url":"https:\/\/consifex.com\/","name":"Consifex","description":"Premium Clothing Manufacturers in Portugal Since 1989","alternateName":"Consifex","potentialAction":[{"@type":"SearchAction","target":{"@type":"EntryPoint","urlTemplate":"https:\/\/consifex.com\/?s={search_term_string}"},"query-input":{"@type":"PropertyValueSpecification","valueRequired":true,"valueName":"search_term_string"}}],"inLanguage":"pt-PT"}]}},"_links":{"self":[{"href":"https:\/\/consifex.com\/pt\/wp-json\/wp\/v2\/pages\/75822","targetHints":{"allow":["GET"]}}],"collection":[{"href":"https:\/\/consifex.com\/pt\/wp-json\/wp\/v2\/pages"}],"about":[{"href":"https:\/\/consifex.com\/pt\/wp-json\/wp\/v2\/types\/page"}],"author":[{"embeddable":true,"href":"https:\/\/consifex.com\/pt\/wp-json\/wp\/v2\/users\/1"}],"replies":[{"embeddable":true,"href":"https:\/\/consifex.com\/pt\/wp-json\/wp\/v2\/comments?post=75822"}],"version-history":[{"count":107,"href":"https:\/\/consifex.com\/pt\/wp-json\/wp\/v2\/pages\/75822\/revisions"}],"predecessor-version":[{"id":80467,"href":"https:\/\/consifex.com\/pt\/wp-json\/wp\/v2\/pages\/75822\/revisions\/80467"}],"wp:attachment":[{"href":"https:\/\/consifex.com\/pt\/wp-json\/wp\/v2\/media?parent=75822"}],"curies":[{"name":"wp","href":"https:\/\/api.w.org\/{rel}","templated":true}]}}