{"id":80429,"date":"2023-05-16T14:34:48","date_gmt":"2023-05-16T14:34:48","guid":{"rendered":"https:\/\/consifex.com\/?page_id=80429"},"modified":"2023-05-31T09:48:00","modified_gmt":"2023-05-31T09:48:00","slug":"services","status":"publish","type":"page","link":"https:\/\/consifex.com\/pt\/services\/","title":{"rendered":"Services"},"content":{"rendered":"<div data-elementor-type=\"wp-page\" data-elementor-id=\"80429\" class=\"elementor elementor-80429\">\n\t\t\t\t\t\t<section class=\"elementor-section elementor-top-section elementor-element elementor-element-d98bb84 elementor-section-height-min-height elementor-section-boxed elementor-section-height-default elementor-section-items-middle\" data-id=\"d98bb84\" data-element_type=\"section\" data-e-type=\"section\" data-settings=\"{&quot;background_background&quot;:&quot;classic&quot;}\">\n\t\t\t\t\t\t\t<div class=\"elementor-background-overlay\"><\/div>\n\t\t\t\t\t\t\t<div class=\"elementor-container elementor-column-gap-default\">\n\t\t\t\t\t<div class=\"elementor-column elementor-col-100 elementor-top-column elementor-element elementor-element-f966d6e\" data-fullscreen-column-settings=\"{&quot;fullscreen&quot;:&quot;&quot;}\" data-id=\"f966d6e\" data-element_type=\"column\" data-e-type=\"column\">\n\t\t\t<div class=\"elementor-widget-wrap elementor-element-populated\">\n\t\t\t\t\t\t<div class=\"elementor-element elementor-element-fe4049d elementor-widget elementor-widget-heading\" data-id=\"fe4049d\" data-element_type=\"widget\" data-e-type=\"widget\" data-widget_type=\"heading.default\">\n\t\t\t\t<div class=\"elementor-widget-container\">\n\t\t\t\t\t<h1 class=\"elementor-heading-title elementor-size-default\">Services<\/h1>\t\t\t\t<\/div>\n\t\t\t\t<\/div>\n\t\t\t\t\t<\/div>\n\t\t<\/div>\n\t\t\t\t\t<\/div>\n\t\t<\/section>\n\t\t\t\t<section class=\"elementor-section elementor-top-section elementor-element elementor-element-ad98426 elementor-section-full_width elementor-section-height-default elementor-section-height-default\" data-id=\"ad98426\" data-element_type=\"section\" data-e-type=\"section\" data-settings=\"{&quot;background_background&quot;:&quot;classic&quot;}\">\n\t\t\t\t\t\t<div class=\"elementor-container elementor-column-gap-default\">\n\t\t\t\t\t<div class=\"elementor-column elementor-col-100 elementor-top-column elementor-element elementor-element-73886e5 elementor-invisible\" data-fullscreen-column-settings=\"{&quot;fullscreen&quot;:&quot;&quot;}\" data-id=\"73886e5\" data-element_type=\"column\" data-e-type=\"column\" data-settings=\"{&quot;animation&quot;:&quot;fadeIn&quot;}\">\n\t\t\t<div class=\"elementor-widget-wrap elementor-element-populated\">\n\t\t\t\t\t\t<section class=\"elementor-section elementor-inner-section elementor-element elementor-element-4659473 elementor-section-full_width elementor-section-height-default elementor-section-height-default\" data-id=\"4659473\" data-element_type=\"section\" data-e-type=\"section\">\n\t\t\t\t\t\t<div class=\"elementor-container elementor-column-gap-default\">\n\t\t\t\t\t<div class=\"elementor-column elementor-col-50 elementor-inner-column elementor-element elementor-element-b661ee8 elementor-invisible\" data-fullscreen-column-settings=\"{&quot;fullscreen&quot;:&quot;&quot;}\" data-id=\"b661ee8\" data-element_type=\"column\" data-e-type=\"column\" data-settings=\"{&quot;animation&quot;:&quot;fadeInUp&quot;}\">\n\t\t\t<div class=\"elementor-widget-wrap elementor-element-populated\">\n\t\t\t\t\t\t<div class=\"elementor-element elementor-element-2766804 elementor-view-default elementor-widget elementor-widget-litho-feature-box\" data-id=\"2766804\" data-element_type=\"widget\" data-e-type=\"widget\" data-settings=\"{&quot;litho_feature_box_styles&quot;:&quot;icon-text-style-9&quot;,&quot;litho_feature_box_button_background_color_background&quot;:&quot;classic&quot;}\" data-widget_type=\"litho-feature-box.default\">\n\t\t\t\t<div class=\"elementor-widget-container\">\n\t\t\t\t\t\t\t\t\t\t<div class=\"feature-box icon-text-style-9\">\n\t\t\t\t\t\t<div class=\"feature-box-wrap\">\n\t\t\t\t\t\t\t\t\t\t\t\t\t\t\t<div class=\"elementor-icon\">\n\t\t\t\t\t\t\t\t\t<i aria-hidden=\"true\" class=\"solid-icon-Sewing-Machine\"><\/i>\t\t\t\t\t\t\t\t<\/div>\n\t\t\t\t\t\t\t\t\t\t\t\t\t\t\t\t\t\t\t\t\t\t<div class=\"feature-box-content\">\n\t\t\t\t\t\t\t\t\t\t\t\t\t\t\t\t\t\t\t<span class=\"title\">\n\t\t\t\t\t\t\t\t\t\t\t\t\t\t\t\t\t\t\t\t\t\tT\u00c9CNICAS\t\t\t\t\t\t\t\t\t\t\t\t\t\t\t\t\t\t\t\t\t<\/span>\n\t\t\t\t\t\t\t\t\t\t\t\t\t\t\t\t\t\t\t\t\t\t\t\t\t\t<\/div>\n\t\t\t\t\t\t\t\t\t\t\t\t\t\t\t\t\t\t\t\t\t\t<div class=\"content\"><p align=\"justify\">\u2022 Oferecemos tudo o que existe no mercado em termos de estampas (allover - digital, convencional, sublimada, flocada, foil, glitter). <br \/>\u2022 Todo o tipo de transferes - com pedras, gel, tijolo, serigrafia, relevo, etc.<br \/>\u2022 Todo o tipo de bordados, incluindo manuais, pregas, transfers, aplica\u00e7\u00f5es em relevo e pedras Swaroski.<br \/>Tingimento de pe\u00e7as (batick, spray, cold dye, tye e dye) e outros acabamentos (stone wash, silicone e muito mais).<\/p><\/div>\n\t\t\t\t\t\t\t\t\t\t\t\t\t\t\t\t\t\t\t\t<\/div>\n\t\t\t\t\t<\/div>\n\t\t\t\t\t\t\t\t\t<\/div>\n\t\t\t\t<\/div>\n\t\t\t\t\t<\/div>\n\t\t<\/div>\n\t\t\t\t<div class=\"elementor-column elementor-col-50 elementor-inner-column elementor-element elementor-element-5c87364 elementor-invisible\" data-fullscreen-column-settings=\"{&quot;fullscreen&quot;:&quot;&quot;}\" data-id=\"5c87364\" data-element_type=\"column\" data-e-type=\"column\" data-settings=\"{&quot;animation&quot;:&quot;fadeInUp&quot;}\">\n\t\t\t<div class=\"elementor-widget-wrap elementor-element-populated\">\n\t\t\t\t\t\t<div class=\"elementor-element elementor-element-2710f13 elementor-view-default elementor-widget elementor-widget-litho-feature-box\" data-id=\"2710f13\" data-element_type=\"widget\" data-e-type=\"widget\" data-settings=\"{&quot;litho_feature_box_styles&quot;:&quot;icon-text-style-9&quot;,&quot;litho_feature_box_button_background_color_background&quot;:&quot;classic&quot;}\" data-widget_type=\"litho-feature-box.default\">\n\t\t\t\t<div class=\"elementor-widget-container\">\n\t\t\t\t\t\t\t\t\t\t<div class=\"feature-box icon-text-style-9\">\n\t\t\t\t\t\t<div class=\"feature-box-wrap\">\n\t\t\t\t\t\t\t\t\t\t\t\t\t\t\t<div class=\"elementor-icon\">\n\t\t\t\t\t\t\t\t\t<i aria-hidden=\"true\" class=\"fas fa-users\"><\/i>\t\t\t\t\t\t\t\t<\/div>\n\t\t\t\t\t\t\t\t\t\t\t\t\t\t\t\t\t\t\t\t\t\t<div class=\"feature-box-content\">\n\t\t\t\t\t\t\t\t\t\t\t\t\t\t\t\t\t\t\t<span class=\"title\">\n\t\t\t\t\t\t\t\t\t\t\t\t\t\t\t\t\t\t\t\t\t\tMODELAGEM\t\t\t\t\t\t\t\t\t\t\t\t\t\t\t\t\t\t\t\t\t<\/span>\n\t\t\t\t\t\t\t\t\t\t\t\t\t\t\t\t\t\t\t\t\t\t\t\t\t\t<\/div>\n\t\t\t\t\t\t\t\t\t\t\t\t\t\t\t\t\t\t\t\t\t\t<div class=\"content\"><p align=\"justify\">\u2022 Fazemos moldes para beb\u00e9s, crian\u00e7as, homens e mulheres. De vestidos a camisas p\u00f3lo, camisetas, casacos de todos os tipos, cal\u00e7as, camisas, roupas para casa. Do estilo cl\u00e1ssico ao casual.<\/p><\/div>\n\t\t\t\t\t\t\t\t\t\t\t\t\t\t\t\t\t\t\t\t<\/div>\n\t\t\t\t\t<\/div>\n\t\t\t\t\t\t\t\t\t<\/div>\n\t\t\t\t<\/div>\n\t\t\t\t\t<\/div>\n\t\t<\/div>\n\t\t\t\t\t<\/div>\n\t\t<\/section>\n\t\t\t\t\t<\/div>\n\t\t<\/div>\n\t\t\t\t\t<\/div>\n\t\t<\/section>\n\t\t\t\t<\/div>","protected":false},"excerpt":{"rendered":"<p>Services TECHNIQUES \u2022 We offer everything available on the market in terms of prints (allover &#8211; digital, conventional, sublimated, flock, foil, glitter). \u2022 All types of transfers &#8211; with stones, gel, brick, serigraphy, embossed, etc.\u2022 Embroidery of all kinds including manuals, pleats, transfers, embossed and Swaroski stone applications.\u2022 Garment dye (batick, spray, cold dye, tye [&hellip;]<\/p>","protected":false},"author":1,"featured_media":0,"parent":0,"menu_order":60,"comment_status":"closed","ping_status":"closed","template":"","meta":{"footnotes":""},"class_list":["post-80429","page","type-page","status-publish","hentry"],"yoast_head":"<!-- This site is optimized with the Yoast SEO plugin v27.0 - https:\/\/yoast.com\/product\/yoast-seo-wordpress\/ -->\n<title>Consifex - SERVICES<\/title>\n<meta name=\"description\" content=\"Consifex is committed to its clients and consumers have voluntarily adopted, the recognized internationally normative frameworks.\" \/>\n<meta name=\"robots\" content=\"index, follow, max-snippet:-1, max-image-preview:large, max-video-preview:-1\" \/>\n<link rel=\"canonical\" href=\"https:\/\/consifex.com\/pt\/services\/\" \/>\n<meta property=\"og:locale\" content=\"pt_PT\" \/>\n<meta property=\"og:type\" content=\"article\" \/>\n<meta property=\"og:title\" content=\"Consifex - SERVICES\" \/>\n<meta property=\"og:description\" content=\"Consifex is committed to its clients and consumers have voluntarily adopted, the recognized internationally normative frameworks.\" \/>\n<meta property=\"og:url\" content=\"https:\/\/consifex.com\/pt\/services\/\" \/>\n<meta property=\"og:site_name\" content=\"Consifex\" \/>\n<meta property=\"article:modified_time\" content=\"2023-05-31T09:48:00+00:00\" \/>\n<meta name=\"twitter:card\" content=\"summary_large_image\" \/>\n<meta name=\"twitter:label1\" content=\"Tempo estimado de leitura\" \/>\n\t<meta name=\"twitter:data1\" content=\"5 minutos\" \/>\n<script type=\"application\/ld+json\" class=\"yoast-schema-graph\">{\"@context\":\"https:\/\/schema.org\",\"@graph\":[{\"@type\":\"WebPage\",\"@id\":\"https:\/\/consifex.com\/services\/\",\"url\":\"https:\/\/consifex.com\/services\/\",\"name\":\"Consifex - SERVICES\",\"isPartOf\":{\"@id\":\"https:\/\/consifex.com\/#website\"},\"datePublished\":\"2023-05-16T14:34:48+00:00\",\"dateModified\":\"2023-05-31T09:48:00+00:00\",\"description\":\"Consifex is committed to its clients and consumers have voluntarily adopted, the recognized internationally normative frameworks.\",\"breadcrumb\":{\"@id\":\"https:\/\/consifex.com\/services\/#breadcrumb\"},\"inLanguage\":\"pt-PT\",\"potentialAction\":[{\"@type\":\"ReadAction\",\"target\":[\"https:\/\/consifex.com\/services\/\"]}]},{\"@type\":\"BreadcrumbList\",\"@id\":\"https:\/\/consifex.com\/services\/#breadcrumb\",\"itemListElement\":[{\"@type\":\"ListItem\",\"position\":1,\"name\":\"In\u00edcio\",\"item\":\"https:\/\/consifex.com\/\"},{\"@type\":\"ListItem\",\"position\":2,\"name\":\"Services\"}]},{\"@type\":\"WebSite\",\"@id\":\"https:\/\/consifex.com\/#website\",\"url\":\"https:\/\/consifex.com\/\",\"name\":\"Consifex\",\"description\":\"Premium Clothing Manufacturers in Portugal Since 1989\",\"alternateName\":\"Consifex\",\"potentialAction\":[{\"@type\":\"SearchAction\",\"target\":{\"@type\":\"EntryPoint\",\"urlTemplate\":\"https:\/\/consifex.com\/?s={search_term_string}\"},\"query-input\":{\"@type\":\"PropertyValueSpecification\",\"valueRequired\":true,\"valueName\":\"search_term_string\"}}],\"inLanguage\":\"pt-PT\"}]}<\/script>\n<!-- \/ Yoast SEO plugin. -->","yoast_head_json":{"title":"Consifex - SERVICES","description":"Consifex is committed to its clients and consumers have voluntarily adopted, the recognized internationally normative frameworks.","robots":{"index":"index","follow":"follow","max-snippet":"max-snippet:-1","max-image-preview":"max-image-preview:large","max-video-preview":"max-video-preview:-1"},"canonical":"https:\/\/consifex.com\/pt\/services\/","og_locale":"pt_PT","og_type":"article","og_title":"Consifex - SERVICES","og_description":"Consifex is committed to its clients and consumers have voluntarily adopted, the recognized internationally normative frameworks.","og_url":"https:\/\/consifex.com\/pt\/services\/","og_site_name":"Consifex","article_modified_time":"2023-05-31T09:48:00+00:00","twitter_card":"summary_large_image","twitter_misc":{"Tempo estimado de leitura":"5 minutos"},"schema":{"@context":"https:\/\/schema.org","@graph":[{"@type":"WebPage","@id":"https:\/\/consifex.com\/services\/","url":"https:\/\/consifex.com\/services\/","name":"Consifex - SERVICES","isPartOf":{"@id":"https:\/\/consifex.com\/#website"},"datePublished":"2023-05-16T14:34:48+00:00","dateModified":"2023-05-31T09:48:00+00:00","description":"Consifex is committed to its clients and consumers have voluntarily adopted, the recognized internationally normative frameworks.","breadcrumb":{"@id":"https:\/\/consifex.com\/services\/#breadcrumb"},"inLanguage":"pt-PT","potentialAction":[{"@type":"ReadAction","target":["https:\/\/consifex.com\/services\/"]}]},{"@type":"BreadcrumbList","@id":"https:\/\/consifex.com\/services\/#breadcrumb","itemListElement":[{"@type":"ListItem","position":1,"name":"In\u00edcio","item":"https:\/\/consifex.com\/"},{"@type":"ListItem","position":2,"name":"Services"}]},{"@type":"WebSite","@id":"https:\/\/consifex.com\/#website","url":"https:\/\/consifex.com\/","name":"Consifex","description":"Premium Clothing Manufacturers in Portugal Since 1989","alternateName":"Consifex","potentialAction":[{"@type":"SearchAction","target":{"@type":"EntryPoint","urlTemplate":"https:\/\/consifex.com\/?s={search_term_string}"},"query-input":{"@type":"PropertyValueSpecification","valueRequired":true,"valueName":"search_term_string"}}],"inLanguage":"pt-PT"}]}},"_links":{"self":[{"href":"https:\/\/consifex.com\/pt\/wp-json\/wp\/v2\/pages\/80429","targetHints":{"allow":["GET"]}}],"collection":[{"href":"https:\/\/consifex.com\/pt\/wp-json\/wp\/v2\/pages"}],"about":[{"href":"https:\/\/consifex.com\/pt\/wp-json\/wp\/v2\/types\/page"}],"author":[{"embeddable":true,"href":"https:\/\/consifex.com\/pt\/wp-json\/wp\/v2\/users\/1"}],"replies":[{"embeddable":true,"href":"https:\/\/consifex.com\/pt\/wp-json\/wp\/v2\/comments?post=80429"}],"version-history":[{"count":14,"href":"https:\/\/consifex.com\/pt\/wp-json\/wp\/v2\/pages\/80429\/revisions"}],"predecessor-version":[{"id":80458,"href":"https:\/\/consifex.com\/pt\/wp-json\/wp\/v2\/pages\/80429\/revisions\/80458"}],"wp:attachment":[{"href":"https:\/\/consifex.com\/pt\/wp-json\/wp\/v2\/media?parent=80429"}],"curies":[{"name":"wp","href":"https:\/\/api.w.org\/{rel}","templated":true}]}}